{"id":5733,"date":"2023-05-11T08:53:24","date_gmt":"2023-05-11T08:53:24","guid":{"rendered":"https:\/\/www.egle.pt\/index.php\/doula-copy-2\/"},"modified":"2026-04-17T18:26:27","modified_gmt":"2026-04-17T18:26:27","slug":"doula","status":"publish","type":"page","link":"https:\/\/www.egle.pt\/index.php\/doula\/","title":{"rendered":"Doula"},"content":{"rendered":"\t\t<div data-elementor-type=\"wp-page\" data-elementor-id=\"5733\" class=\"elementor elementor-5733\" data-elementor-post-type=\"page\">\n\t\t\t\t\t\t<section class=\"elementor-section elementor-top-section elementor-element elementor-element-54d9ab6 elementor-section-full_width elementor-section-height-min-height elementor-section-items-top elementor-section-height-default elementor-invisible\" data-id=\"54d9ab6\" data-element_type=\"section\" data-e-type=\"section\" data-settings=\"{&quot;background_background&quot;:&quot;slideshow&quot;,&quot;animation&quot;:&quot;pulse&quot;,&quot;background_slideshow_gallery&quot;:[{&quot;id&quot;:6078,&quot;url&quot;:&quot;https:\\\/\\\/www.egle.pt\\\/wp-content\\\/uploads\\\/2023\\\/05\\\/IMG-20211012-WA0008-e1684249857775.jpg&quot;},{&quot;id&quot;:5764,&quot;url&quot;:&quot;https:\\\/\\\/www.egle.pt\\\/wp-content\\\/uploads\\\/2023\\\/05\\\/DSC6268-scaled.jpg&quot;},{&quot;id&quot;:5689,&quot;url&quot;:&quot;https:\\\/\\\/www.egle.pt\\\/wp-content\\\/uploads\\\/2023\\\/05\\\/DSC6285-scaled-e1683809211929.jpg&quot;},{&quot;id&quot;:5736,&quot;url&quot;:&quot;https:\\\/\\\/www.egle.pt\\\/wp-content\\\/uploads\\\/2023\\\/05\\\/DSC6359-scaled-e1683800524824.jpg&quot;}],&quot;background_slideshow_slide_transition&quot;:&quot;slide_left&quot;,&quot;background_slideshow_loop&quot;:&quot;yes&quot;,&quot;background_slideshow_slide_duration&quot;:5000,&quot;background_slideshow_transition_duration&quot;:500}\">\n\t\t\t\t\t\t\t<div class=\"elementor-background-overlay\"><\/div>\n\t\t\t\t\t\t\t<div class=\"elementor-container elementor-column-gap-no\">\n\t\t\t\t\t<div class=\"elementor-column elementor-col-100 elementor-top-column elementor-element elementor-element-a2170f0\" data-id=\"a2170f0\" data-element_type=\"column\" data-e-type=\"column\" data-settings=\"{&quot;background_background&quot;:&quot;classic&quot;}\">\n\t\t\t<div class=\"elementor-widget-wrap elementor-element-populated\">\n\t\t\t\t\t\t<section class=\"elementor-section elementor-inner-section elementor-element elementor-element-4b8ed6d c-box elementor-section-height-full elementor-section-content-middle elementor-section-boxed elementor-section-height-default\" data-id=\"4b8ed6d\" data-element_type=\"section\" data-e-type=\"section\">\n\t\t\t\t\t\t<div class=\"elementor-container elementor-column-gap-default\">\n\t\t\t\t\t<div class=\"elementor-column elementor-col-100 elementor-inner-column elementor-element elementor-element-534867c\" data-id=\"534867c\" data-element_type=\"column\" data-e-type=\"column\">\n\t\t\t<div class=\"elementor-widget-wrap elementor-element-populated\">\n\t\t\t\t\t\t<div class=\"elementor-element elementor-element-a7e3eb8 elementor-hidden-desktop elementor-hidden-tablet elementor-widget elementor-widget-spacer\" data-id=\"a7e3eb8\" data-element_type=\"widget\" data-e-type=\"widget\" data-widget_type=\"spacer.default\">\n\t\t\t\t<div class=\"elementor-widget-container\">\n\t\t\t\t\t\t\t<div class=\"elementor-spacer\">\n\t\t\t<div class=\"elementor-spacer-inner\"><\/div>\n\t\t<\/div>\n\t\t\t\t\t\t<\/div>\n\t\t\t\t<\/div>\n\t\t\t\t<div class=\"elementor-element elementor-element-11bc7de elementor-widget elementor-widget-text-editor\" data-id=\"11bc7de\" data-element_type=\"widget\" data-e-type=\"widget\" data-widget_type=\"text-editor.default\">\n\t\t\t\t<div class=\"elementor-widget-container\">\n\t\t\t\t\t\t\t\t\t<p>para caminharmos juntos, <br \/>passo a passo.<\/p>\t\t\t\t\t\t\t\t<\/div>\n\t\t\t\t<\/div>\n\t\t\t\t\t<\/div>\n\t\t<\/div>\n\t\t\t\t\t<\/div>\n\t\t<\/section>\n\t\t\t\t\t<\/div>\n\t\t<\/div>\n\t\t\t\t\t<\/div>\n\t\t<\/section>\n\t\t\t\t<section class=\"elementor-section elementor-top-section elementor-element elementor-element-85580fc c-box elementor-section-boxed elementor-section-height-default elementor-section-height-default\" data-id=\"85580fc\" data-element_type=\"section\" data-e-type=\"section\" data-settings=\"{&quot;background_background&quot;:&quot;classic&quot;}\">\n\t\t\t\t\t\t\t<div class=\"elementor-background-overlay\"><\/div>\n\t\t\t\t\t\t\t<div class=\"elementor-container elementor-column-gap-default\">\n\t\t\t\t\t<div class=\"elementor-column elementor-col-100 elementor-top-column elementor-element elementor-element-b6c988a\" data-id=\"b6c988a\" data-element_type=\"column\" data-e-type=\"column\" data-settings=\"{&quot;background_background&quot;:&quot;classic&quot;}\">\n\t\t\t<div class=\"elementor-widget-wrap elementor-element-populated\">\n\t\t\t\t\t\t<section class=\"elementor-section elementor-inner-section elementor-element elementor-element-de6b642 elementor-section-full_width elementor-section-height-default elementor-section-height-default\" data-id=\"de6b642\" data-element_type=\"section\" data-e-type=\"section\" data-settings=\"{&quot;background_background&quot;:&quot;classic&quot;}\">\n\t\t\t\t\t\t\t<div class=\"elementor-background-overlay\"><\/div>\n\t\t\t\t\t\t\t<div class=\"elementor-container elementor-column-gap-default\">\n\t\t\t\t\t<div class=\"elementor-column elementor-col-100 elementor-inner-column elementor-element elementor-element-12fb731\" data-id=\"12fb731\" data-element_type=\"column\" data-e-type=\"column\">\n\t\t\t<div class=\"elementor-widget-wrap elementor-element-populated\">\n\t\t\t\t\t\t<div class=\"elementor-element elementor-element-40b2cab elementor-widget elementor-widget-heading\" data-id=\"40b2cab\" data-element_type=\"widget\" data-e-type=\"widget\" data-widget_type=\"heading.default\">\n\t\t\t\t<div class=\"elementor-widget-container\">\n\t\t\t\t\t<h2 class=\"elementor-heading-title elementor-size-default\">ser-vir<\/h2>\t\t\t\t<\/div>\n\t\t\t\t<\/div>\n\t\t\t\t<div class=\"elementor-element elementor-element-118778e elementor-widget-divider--view-line elementor-widget elementor-widget-divider\" data-id=\"118778e\" data-element_type=\"widget\" data-e-type=\"widget\" data-widget_type=\"divider.default\">\n\t\t\t\t<div class=\"elementor-widget-container\">\n\t\t\t\t\t\t\t<div class=\"elementor-divider\">\n\t\t\t<span class=\"elementor-divider-separator\">\n\t\t\t\t\t\t<\/span>\n\t\t<\/div>\n\t\t\t\t\t\t<\/div>\n\t\t\t\t<\/div>\n\t\t\t\t<div class=\"elementor-element elementor-element-9fea168 elementor-widget elementor-widget-text-editor\" data-id=\"9fea168\" data-element_type=\"widget\" data-e-type=\"widget\" data-widget_type=\"text-editor.default\">\n\t\t\t\t<div class=\"elementor-widget-container\">\n\t\t\t\t\t\t\t\t\t<p>Sou mulher, sou filha, sou m\u00e3e.<br \/>Sou medica, sou doula.<br \/>E, ao mesmo tempo,<br \/>n\u00e3o sou nenhuma <br \/>destas coisas.<\/p>\t\t\t\t\t\t\t\t<\/div>\n\t\t\t\t<\/div>\n\t\t\t\t<div class=\"elementor-element elementor-element-d316a3e elementor-widget elementor-widget-text-editor\" data-id=\"d316a3e\" data-element_type=\"widget\" data-e-type=\"widget\" data-widget_type=\"text-editor.default\">\n\t\t\t\t<div class=\"elementor-widget-container\">\n\t\t\t\t\t\t\t\t\t<p>O meu percurso como doula come\u00e7a com o nascimento da minha sobrinha Lara.<br \/>Assistir ao parto da minha irm\u00e3 e ser testemunha deste nascimento duplo (da m\u00e3e e da filha), o privil\u00e9gio e a honra que foi poder presenciar este momento, foi para mim o in\u00edcio duma viagem que ainda hoje continua.<\/p><p>O fluxo da vida e a sequ\u00eancia natural dos eventos despertaram em mim um crescente interesse e uma genu\u00edna curiosidade para o mundo das mulheres. E, quer durante a minha forma\u00e7\u00e3o de m\u00e9dica, quer no trabalho fora do hospital, fui-me deparando sempre mais com a for\u00e7a e os desafios associados ao feminino.<\/p><p>Em 2021 nasceu a minha filha Alma, e em 2022 nasci eu como Doula.<br \/>Acompanho fam\u00edlias e mulheres na jornada que a gravidez, o parto e o p\u00f3s-parto representam, a partir dum lugar de presen\u00e7a e escuta e com respeito pelas escolhas de cada uma.<\/p>\t\t\t\t\t\t\t\t<\/div>\n\t\t\t\t<\/div>\n\t\t\t\t\t<\/div>\n\t\t<\/div>\n\t\t\t\t\t<\/div>\n\t\t<\/section>\n\t\t\t\t\t<\/div>\n\t\t<\/div>\n\t\t\t\t\t<\/div>\n\t\t<\/section>\n\t\t\t\t<section class=\"elementor-section elementor-top-section elementor-element elementor-element-12885232 elementor-section-boxed elementor-section-height-default elementor-section-height-default\" data-id=\"12885232\" data-element_type=\"section\" data-e-type=\"section\" data-settings=\"{&quot;background_background&quot;:&quot;classic&quot;}\">\n\t\t\t\t\t\t\t<div class=\"elementor-background-overlay\"><\/div>\n\t\t\t\t\t\t\t<div class=\"elementor-container elementor-column-gap-default\">\n\t\t\t\t\t<div class=\"elementor-column elementor-col-100 elementor-top-column elementor-element elementor-element-67241f8\" data-id=\"67241f8\" data-element_type=\"column\" data-e-type=\"column\" data-settings=\"{&quot;background_background&quot;:&quot;classic&quot;}\">\n\t\t\t<div class=\"elementor-widget-wrap elementor-element-populated\">\n\t\t\t\t\t\t<section class=\"elementor-section elementor-inner-section elementor-element elementor-element-686dc327 elementor-section-full_width elementor-section-height-default elementor-section-height-default\" data-id=\"686dc327\" data-element_type=\"section\" data-e-type=\"section\">\n\t\t\t\t\t\t<div class=\"elementor-container elementor-column-gap-default\">\n\t\t\t\t\t<div class=\"elementor-column elementor-col-100 elementor-inner-column elementor-element elementor-element-5fcf1042\" data-id=\"5fcf1042\" data-element_type=\"column\" data-e-type=\"column\">\n\t\t\t<div class=\"elementor-widget-wrap elementor-element-populated\">\n\t\t\t\t\t\t<div class=\"elementor-element elementor-element-62c0165 elementor-widget elementor-widget-text-editor\" data-id=\"62c0165\" data-element_type=\"widget\" data-e-type=\"widget\" data-widget_type=\"text-editor.default\">\n\t\t\t\t<div class=\"elementor-widget-container\">\n\t\t\t\t\t\t\t\t\t<p>Acompanhamento completo<br \/>Massagem pre-parto<br \/>Massagem p\u00f3s-parto<\/p>\t\t\t\t\t\t\t\t<\/div>\n\t\t\t\t<\/div>\n\t\t\t\t<div class=\"elementor-element elementor-element-502a6d8c elementor-widget elementor-widget-menu-anchor\" data-id=\"502a6d8c\" data-element_type=\"widget\" data-e-type=\"widget\" data-widget_type=\"menu-anchor.default\">\n\t\t\t\t<div class=\"elementor-widget-container\">\n\t\t\t\t\t\t\t<div class=\"elementor-menu-anchor\" id=\"contacto\"><\/div>\n\t\t\t\t\t\t<\/div>\n\t\t\t\t<\/div>\n\t\t\t\t\t<\/div>\n\t\t<\/div>\n\t\t\t\t\t<\/div>\n\t\t<\/section>\n\t\t\t\t<div class=\"elementor-element elementor-element-6a1075e0 elementor-widget elementor-widget-heading\" data-id=\"6a1075e0\" data-element_type=\"widget\" data-e-type=\"widget\" data-widget_type=\"heading.default\">\n\t\t\t\t<div class=\"elementor-widget-container\">\n\t\t\t\t\t<h2 class=\"elementor-heading-title elementor-size-default\">Entra em contacto comigo<\/h2>\t\t\t\t<\/div>\n\t\t\t\t<\/div>\n\t\t\t\t<div class=\"elementor-element elementor-element-35e231c elementor-widget-divider--view-line elementor-widget elementor-widget-divider\" data-id=\"35e231c\" data-element_type=\"widget\" data-e-type=\"widget\" data-widget_type=\"divider.default\">\n\t\t\t\t<div class=\"elementor-widget-container\">\n\t\t\t\t\t\t\t<div class=\"elementor-divider\">\n\t\t\t<span class=\"elementor-divider-separator\">\n\t\t\t\t\t\t<\/span>\n\t\t<\/div>\n\t\t\t\t\t\t<\/div>\n\t\t\t\t<\/div>\n\t\t\t\t\t<\/div>\n\t\t<\/div>\n\t\t\t\t\t<\/div>\n\t\t<\/section>\n\t\t\t\t<section class=\"elementor-section elementor-top-section elementor-element elementor-element-6a4614a elementor-section-full_width elementor-section-height-default elementor-section-height-default\" data-id=\"6a4614a\" data-element_type=\"section\" data-e-type=\"section\" data-settings=\"{&quot;background_background&quot;:&quot;classic&quot;}\">\n\t\t\t\t\t\t\t<div class=\"elementor-background-overlay\"><\/div>\n\t\t\t\t\t\t\t<div class=\"elementor-container elementor-column-gap-default\">\n\t\t\t\t\t<div class=\"elementor-column elementor-col-100 elementor-top-column elementor-element elementor-element-88cae89\" data-id=\"88cae89\" data-element_type=\"column\" data-e-type=\"column\" data-settings=\"{&quot;background_background&quot;:&quot;classic&quot;}\">\n\t\t\t<div class=\"elementor-widget-wrap elementor-element-populated\">\n\t\t\t\t\t\t<div class=\"elementor-element elementor-element-a50cb71 elementor-widget__width-auto elementor-widget-tablet__width-initial elementor-widget-mobile__width-initial elementor-view-default elementor-widget elementor-widget-icon\" data-id=\"a50cb71\" data-element_type=\"widget\" data-e-type=\"widget\" data-widget_type=\"icon.default\">\n\t\t\t\t<div class=\"elementor-widget-container\">\n\t\t\t\t\t\t\t<div class=\"elementor-icon-wrapper\">\n\t\t\t<a class=\"elementor-icon\" href=\"https:\/\/wa.me\/message\/WDEOOYIPQTDSH1\">\n\t\t\t<i aria-hidden=\"true\" class=\"fab fa-whatsapp\"><\/i>\t\t\t<\/a>\n\t\t<\/div>\n\t\t\t\t\t\t<\/div>\n\t\t\t\t<\/div>\n\t\t\t\t<div class=\"elementor-element elementor-element-a3df48c elementor-widget__width-auto elementor-widget-tablet__width-initial elementor-widget-mobile__width-initial elementor-view-default elementor-widget elementor-widget-icon\" data-id=\"a3df48c\" data-element_type=\"widget\" data-e-type=\"widget\" data-widget_type=\"icon.default\">\n\t\t\t\t<div class=\"elementor-widget-container\">\n\t\t\t\t\t\t\t<div class=\"elementor-icon-wrapper\">\n\t\t\t<a class=\"elementor-icon\" href=\"https:\/\/www.instagram.com\/egle.massage\">\n\t\t\t<i aria-hidden=\"true\" class=\"fab fa-instagram\"><\/i>\t\t\t<\/a>\n\t\t<\/div>\n\t\t\t\t\t\t<\/div>\n\t\t\t\t<\/div>\n\t\t\t\t<div class=\"elementor-element elementor-element-8cce3d1 elementor-widget__width-auto elementor-widget-tablet__width-initial elementor-widget-mobile__width-initial elementor-view-default elementor-widget elementor-widget-icon\" data-id=\"8cce3d1\" data-element_type=\"widget\" data-e-type=\"widget\" data-widget_type=\"icon.default\">\n\t\t\t\t<div class=\"elementor-widget-container\">\n\t\t\t\t\t\t\t<div class=\"elementor-icon-wrapper\">\n\t\t\t<a class=\"elementor-icon\" href=\"https:\/\/www.facebook.com\/egle.genova\/\">\n\t\t\t<i aria-hidden=\"true\" class=\"fab fa-facebook-square\"><\/i>\t\t\t<\/a>\n\t\t<\/div>\n\t\t\t\t\t\t<\/div>\n\t\t\t\t<\/div>\n\t\t\t\t<div class=\"elementor-element elementor-element-60e4689 elementor-widget elementor-widget-text-editor\" data-id=\"60e4689\" data-element_type=\"widget\" data-e-type=\"widget\" data-widget_type=\"text-editor.default\">\n\t\t\t\t<div class=\"elementor-widget-container\">\n\t\t\t\t\t\t\t\t\t<p>+351 920329468 | egle@egle.pt<\/p>\t\t\t\t\t\t\t\t<\/div>\n\t\t\t\t<\/div>\n\t\t\t\t\t<\/div>\n\t\t<\/div>\n\t\t\t\t\t<\/div>\n\t\t<\/section>\n\t\t\t\t<\/div>\n\t\t","protected":false},"excerpt":{"rendered":"<p>para caminharmos juntos, passo a passo. ser-vir Sou mulher, sou filha, sou m\u00e3e.Sou medica, sou doula.E, ao mesmo tempo,n\u00e3o sou nenhuma destas coisas. O meu percurso como doula come\u00e7a com o nascimento da minha sobrinha Lara.Assistir ao parto da minha irm\u00e3 e ser testemunha deste nascimento duplo (da m\u00e3e e da filha), o privil\u00e9gio e [&hellip;]<\/p>\n","protected":false},"author":4,"featured_media":0,"parent":0,"menu_order":0,"comment_status":"closed","ping_status":"closed","template":"elementor_header_footer","meta":{"footnotes":""},"class_list":["post-5733","page","type-page","status-publish","hentry"],"yoast_head":"<!-- This site is optimized with the Yoast SEO plugin v20.6 - https:\/\/yoast.com\/wordpress\/plugins\/seo\/ -->\n<title>Doula - Egle<\/title>\n<meta name=\"robots\" content=\"index, follow, max-snippet:-1, max-image-preview:large, max-video-preview:-1\" \/>\n<link rel=\"canonical\" href=\"https:\/\/www.egle.pt\/index.php\/doula\/\" \/>\n<meta property=\"og:locale\" content=\"pt_PT\" \/>\n<meta property=\"og:type\" content=\"article\" \/>\n<meta property=\"og:title\" content=\"Doula - Egle\" \/>\n<meta property=\"og:description\" content=\"para caminharmos juntos, passo a passo. ser-vir Sou mulher, sou filha, sou m\u00e3e.Sou medica, sou doula.E, ao mesmo tempo,n\u00e3o sou nenhuma destas coisas. O meu percurso como doula come\u00e7a com o nascimento da minha sobrinha Lara.Assistir ao parto da minha irm\u00e3 e ser testemunha deste nascimento duplo (da m\u00e3e e da filha), o privil\u00e9gio e [&hellip;]\" \/>\n<meta property=\"og:url\" content=\"https:\/\/www.egle.pt\/index.php\/doula\/\" \/>\n<meta property=\"og:site_name\" content=\"Egle\" \/>\n<meta property=\"article:modified_time\" content=\"2026-04-17T18:26:27+00:00\" \/>\n<meta name=\"twitter:card\" content=\"summary_large_image\" \/>\n<meta name=\"twitter:label1\" content=\"Tempo estimado de leitura\" \/>\n\t<meta name=\"twitter:data1\" content=\"2 minutos\" \/>\n<script type=\"application\/ld+json\" class=\"yoast-schema-graph\">{\"@context\":\"https:\/\/schema.org\",\"@graph\":[{\"@type\":\"WebPage\",\"@id\":\"https:\/\/www.egle.pt\/index.php\/doula\/\",\"url\":\"https:\/\/www.egle.pt\/index.php\/doula\/\",\"name\":\"Doula - Egle\",\"isPartOf\":{\"@id\":\"https:\/\/www.egle.pt\/#website\"},\"datePublished\":\"2023-05-11T08:53:24+00:00\",\"dateModified\":\"2026-04-17T18:26:27+00:00\",\"breadcrumb\":{\"@id\":\"https:\/\/www.egle.pt\/index.php\/doula\/#breadcrumb\"},\"inLanguage\":\"pt-PT\",\"potentialAction\":[{\"@type\":\"ReadAction\",\"target\":[\"https:\/\/www.egle.pt\/index.php\/doula\/\"]}]},{\"@type\":\"BreadcrumbList\",\"@id\":\"https:\/\/www.egle.pt\/index.php\/doula\/#breadcrumb\",\"itemListElement\":[{\"@type\":\"ListItem\",\"position\":1,\"name\":\"In\u00edcio\",\"item\":\"https:\/\/www.egle.pt\/\"},{\"@type\":\"ListItem\",\"position\":2,\"name\":\"Doula\"}]},{\"@type\":\"WebSite\",\"@id\":\"https:\/\/www.egle.pt\/#website\",\"url\":\"https:\/\/www.egle.pt\/\",\"name\":\"Egle - Doula, Acroyoga, Thai-Massage\",\"description\":\"Doula - Acroyoga - Thai-Massage\",\"publisher\":{\"@id\":\"https:\/\/www.egle.pt\/#organization\"},\"potentialAction\":[{\"@type\":\"SearchAction\",\"target\":{\"@type\":\"EntryPoint\",\"urlTemplate\":\"https:\/\/www.egle.pt\/?s={search_term_string}\"},\"query-input\":\"required name=search_term_string\"}],\"inLanguage\":\"pt-PT\"},{\"@type\":\"Organization\",\"@id\":\"https:\/\/www.egle.pt\/#organization\",\"name\":\"Egle - Doula, Acroyoga, Thai-Massage\",\"url\":\"https:\/\/www.egle.pt\/\",\"logo\":{\"@type\":\"ImageObject\",\"inLanguage\":\"pt-PT\",\"@id\":\"https:\/\/www.egle.pt\/#\/schema\/logo\/image\/\",\"url\":\"https:\/\/www.egle.pt\/wp-content\/uploads\/2023\/05\/logo_black.png\",\"contentUrl\":\"https:\/\/www.egle.pt\/wp-content\/uploads\/2023\/05\/logo_black.png\",\"width\":1434,\"height\":495,\"caption\":\"Egle - Doula, Acroyoga, Thai-Massage\"},\"image\":{\"@id\":\"https:\/\/www.egle.pt\/#\/schema\/logo\/image\/\"}}]}<\/script>\n<!-- \/ Yoast SEO plugin. -->","yoast_head_json":{"title":"Doula - Egle","robots":{"index":"index","follow":"follow","max-snippet":"max-snippet:-1","max-image-preview":"max-image-preview:large","max-video-preview":"max-video-preview:-1"},"canonical":"https:\/\/www.egle.pt\/index.php\/doula\/","og_locale":"pt_PT","og_type":"article","og_title":"Doula - Egle","og_description":"para caminharmos juntos, passo a passo. ser-vir Sou mulher, sou filha, sou m\u00e3e.Sou medica, sou doula.E, ao mesmo tempo,n\u00e3o sou nenhuma destas coisas. O meu percurso como doula come\u00e7a com o nascimento da minha sobrinha Lara.Assistir ao parto da minha irm\u00e3 e ser testemunha deste nascimento duplo (da m\u00e3e e da filha), o privil\u00e9gio e [&hellip;]","og_url":"https:\/\/www.egle.pt\/index.php\/doula\/","og_site_name":"Egle","article_modified_time":"2026-04-17T18:26:27+00:00","twitter_card":"summary_large_image","twitter_misc":{"Tempo estimado de leitura":"2 minutos"},"schema":{"@context":"https:\/\/schema.org","@graph":[{"@type":"WebPage","@id":"https:\/\/www.egle.pt\/index.php\/doula\/","url":"https:\/\/www.egle.pt\/index.php\/doula\/","name":"Doula - Egle","isPartOf":{"@id":"https:\/\/www.egle.pt\/#website"},"datePublished":"2023-05-11T08:53:24+00:00","dateModified":"2026-04-17T18:26:27+00:00","breadcrumb":{"@id":"https:\/\/www.egle.pt\/index.php\/doula\/#breadcrumb"},"inLanguage":"pt-PT","potentialAction":[{"@type":"ReadAction","target":["https:\/\/www.egle.pt\/index.php\/doula\/"]}]},{"@type":"BreadcrumbList","@id":"https:\/\/www.egle.pt\/index.php\/doula\/#breadcrumb","itemListElement":[{"@type":"ListItem","position":1,"name":"In\u00edcio","item":"https:\/\/www.egle.pt\/"},{"@type":"ListItem","position":2,"name":"Doula"}]},{"@type":"WebSite","@id":"https:\/\/www.egle.pt\/#website","url":"https:\/\/www.egle.pt\/","name":"Egle - Doula, Acroyoga, Thai-Massage","description":"Doula - Acroyoga - Thai-Massage","publisher":{"@id":"https:\/\/www.egle.pt\/#organization"},"potentialAction":[{"@type":"SearchAction","target":{"@type":"EntryPoint","urlTemplate":"https:\/\/www.egle.pt\/?s={search_term_string}"},"query-input":"required name=search_term_string"}],"inLanguage":"pt-PT"},{"@type":"Organization","@id":"https:\/\/www.egle.pt\/#organization","name":"Egle - Doula, Acroyoga, Thai-Massage","url":"https:\/\/www.egle.pt\/","logo":{"@type":"ImageObject","inLanguage":"pt-PT","@id":"https:\/\/www.egle.pt\/#\/schema\/logo\/image\/","url":"https:\/\/www.egle.pt\/wp-content\/uploads\/2023\/05\/logo_black.png","contentUrl":"https:\/\/www.egle.pt\/wp-content\/uploads\/2023\/05\/logo_black.png","width":1434,"height":495,"caption":"Egle - Doula, Acroyoga, Thai-Massage"},"image":{"@id":"https:\/\/www.egle.pt\/#\/schema\/logo\/image\/"}}]}},"_links":{"self":[{"href":"https:\/\/www.egle.pt\/index.php\/wp-json\/wp\/v2\/pages\/5733","targetHints":{"allow":["GET"]}}],"collection":[{"href":"https:\/\/www.egle.pt\/index.php\/wp-json\/wp\/v2\/pages"}],"about":[{"href":"https:\/\/www.egle.pt\/index.php\/wp-json\/wp\/v2\/types\/page"}],"author":[{"embeddable":true,"href":"https:\/\/www.egle.pt\/index.php\/wp-json\/wp\/v2\/users\/4"}],"replies":[{"embeddable":true,"href":"https:\/\/www.egle.pt\/index.php\/wp-json\/wp\/v2\/comments?post=5733"}],"version-history":[{"count":122,"href":"https:\/\/www.egle.pt\/index.php\/wp-json\/wp\/v2\/pages\/5733\/revisions"}],"predecessor-version":[{"id":7255,"href":"https:\/\/www.egle.pt\/index.php\/wp-json\/wp\/v2\/pages\/5733\/revisions\/7255"}],"wp:attachment":[{"href":"https:\/\/www.egle.pt\/index.php\/wp-json\/wp\/v2\/media?parent=5733"}],"curies":[{"name":"wp","href":"https:\/\/api.w.org\/{rel}","templated":true}]}}